{"id":2255,"date":"2014-05-30T08:42:12","date_gmt":"2014-05-30T08:42:12","guid":{"rendered":"http:\/\/pixelgrade.com\/demos\/rosa2\/?page_id=5"},"modified":"2021-02-22T08:55:11","modified_gmt":"2021-02-22T07:55:11","slug":"creation-de-site-internet","status":"publish","type":"page","link":"https:\/\/premiumapps.ch\/","title":{"rendered":"Cr\u00e9ation de site internet"},"content":{"rendered":"<p>\u00a0<\/p>\n<p><!--themify_builder_static--><h1>Cr\u00e9ation de site internet<br\/>Suisse romande<\/h1>\n<p><a href=\"https:\/\/premiumapps.ch\/wp-content\/uploads\/2016\/04\/responsive-design-premiumapps_500.png\"><img decoding=\"async\" loading=\"lazy\" src=\"https:\/\/premiumapps.ch\/wp-content\/uploads\/2016\/04\/responsive-design-premiumapps_500.png\" alt=\"Premiumapps site internet responsive\" width=\"500\" height=\"293\" srcset=\"https:\/\/premiumapps.ch\/wp-content\/uploads\/2016\/04\/responsive-design-premiumapps_500.png 500w, https:\/\/premiumapps.ch\/wp-content\/uploads\/2016\/04\/responsive-design-premiumapps_500-300x176.png 300w, https:\/\/premiumapps.ch\/wp-content\/uploads\/2016\/04\/responsive-design-premiumapps_500-480x281.png 480w\" sizes=\"(max-width: 500px) 100vw, 500px\" \/><\/a>PremiumAPPS est une soci\u00e9t\u00e9 dynamique bas\u00e9e en Suisse romande et sp\u00e9cialis\u00e9e dans les m\u00e9dias num\u00e9riques tel que la cr\u00e9ation de site internet, le r\u00e9f\u00e9rencement, le marketing digital. Besoin d&rsquo;un site internet sur mesure, une boutique en ligne, un syst\u00e8me de r\u00e9servation en ligne pour votre commerce ou de l&rsquo;aide pour votre r\u00e9f\u00e9rencement? Nous vous proposerons la solution la mieux adapt\u00e9e \u00e0 vos besoins tout en respectant votre budget.<\/p><p style=\"text-align: left;\">PremiumAPPS propose \u00e9galement de s&rsquo;occuper de l&rsquo;identit\u00e9 num\u00e9rique compl\u00e8te de votre entreprise. Nous pouvons offrir un package complet pouvant int\u00e9grer le site internet, cr\u00e9ation et d\u00e9veloppement de r\u00e9seaux sociaux (page Facebook, Instagram, YouTube, etc.), cr\u00e9ation d&rsquo;un logo, des images avec droit d&rsquo;utilisation commerciale, l&rsquo;optimisation au r\u00e9f\u00e9rencement afin d&rsquo;\u00eatre visible sur les moteurs de recherche, conseil sur le choix du nom de domaine.<\/p>\n<h2 style=\"text-align: center;\">Prestations<\/h2>\n<svg> <circle r=\"calc(50% - 1px)\" cx=\"50%\" cy=\"50%\" stroke-width=\"2\"\/> <circle r=\"calc(50% - 1px)\" cx=\"50%\" cy=\"50%\" stroke=\"#262626\" stroke-width=\"2\" data-progress=\"100\" stroke-dasharray=\"0,10000\"\/> <\/svg> <i style=\"color: #262626\"><svg><use href=\"#tf-fas-desktop\"><\/use><\/svg><\/i> <h4>Site Internet<\/h4><p>Un site internet moderne, attractif qui refl\u00e8te l\u2019image de votre entreprise.<\/p>\n<svg> <circle r=\"calc(50% - 1px)\" cx=\"50%\" cy=\"50%\" stroke-width=\"2\"\/> <circle r=\"calc(50% - 1px)\" cx=\"50%\" cy=\"50%\" stroke=\"#262626\" stroke-width=\"2\" data-progress=\"100\" stroke-dasharray=\"0,10000\"\/> <\/svg> <i style=\"color: #262626\"><svg><use href=\"#tf-fas-shopping-cart\"><\/use><\/svg><\/i> <h4>eCommerce<\/h4><p>R\u00e9alisation de site eCommerce s\u00e9curis\u00e9 avec paiement en ligne.<\/p>\n<svg> <circle r=\"calc(50% - 1px)\" cx=\"50%\" cy=\"50%\" stroke-width=\"2\"\/> <circle r=\"calc(50% - 1px)\" cx=\"50%\" cy=\"50%\" stroke=\"#262626\" stroke-width=\"2\" data-progress=\"100\" stroke-dasharray=\"0,10000\"\/> <\/svg> <i style=\"color: #262626\"><svg><use href=\"#tf-far-calendar\"><\/use><\/svg><\/i> <h4>R\u00e9servation en ligne<\/h4><p>Module de r\u00e9servation en ligne extr\u00eamement performant pour tout type de business (salon de coiffure, institut de beaut\u00e9, spa, salle de sport, m\u00e9decin, restaurant, etc).<\/p>\n<svg> <circle r=\"calc(50% - 1px)\" cx=\"50%\" cy=\"50%\" stroke-width=\"2\"\/> <circle r=\"calc(50% - 1px)\" cx=\"50%\" cy=\"50%\" stroke=\"#262626\" stroke-width=\"2\" data-progress=\"80\" stroke-dasharray=\"0,10000\"\/> <\/svg> <i style=\"color: #262626\"><svg><use href=\"#tf-fas-print\"><\/use><\/svg><\/i> <h4>Impression<\/h4><p>Impression haut de gamme: carte de visite, d\u00e9pliant, flyer, etc.<\/p>\n<h2>Cr\u00e9ation de Site Internet<\/h2><article id=\"post-2256\"><section><section>Un site internet moderne, attractif qui refl\u00e8te l\u2019image de votre entreprise. Que vous ayez besoin d\u2019un site vitrine mettant en avant votre commerce, marque, soci\u00e9t\u00e9 ou association ou une boutique en ligne avec paiement s\u00e9curis\u00e9, nous vous proposerons un design moderne et novateur s\u2019adaptant aux tablettes et smartphones.<p>Nous disposons d\u2019une structure flexible et dynamique qui sera \u00e0 votre \u00e9coute afin de r\u00e9aliser un projet \u00e0 votre image et selon vos besoins.<\/p><p>Comme avoir un joli site ne suffit pas \u00e0 figurer en bonne position dans Google, nos sites internet sont optimis\u00e9s de mani\u00e8re \u00e0 favoriser un bon r\u00e9f\u00e9rencement naturel.<\/p><h3>Votre site internet d\u00e8s CHF 990.-<\/h3><\/section><\/section><\/article>\n<svg> <circle r=\"calc(50% - 1px)\" cx=\"50%\" cy=\"50%\" stroke-width=\"2\"\/> <circle r=\"calc(50% - 1px)\" cx=\"50%\" cy=\"50%\" stroke=\"#084aff\" stroke-width=\"2\" data-progress=\"100\" stroke-dasharray=\"0,10000\"\/> <\/svg> <i style=\"color: #2b2b2b\"><svg><use href=\"#tf-fas-mobile\"><\/use><\/svg><\/i> <h3> RESPONSIVE DESIGN <\/h3> <p>Optimisation de l\u2019affichage pour tablette et smartphone<\/p>\n<svg> <circle r=\"calc(50% - 1px)\" cx=\"50%\" cy=\"50%\" stroke-width=\"2\"\/> <circle r=\"calc(50% - 1px)\" cx=\"50%\" cy=\"50%\" stroke=\"#00d61d\" stroke-width=\"2\" data-progress=\"100\" stroke-dasharray=\"0,10000\"\/> <\/svg> <i style=\"color: #2b2b2b\"><svg><use href=\"#tf-fas-shopping-cart\"><\/use><\/svg><\/i> <h3> BOUTIQUE EN LIGNE <\/h3> <p>Cr\u00e9ation de boutique en ligne avec int\u00e9gration des moyens de paiement s\u00e9curis\u00e9 et statistique de vente.<\/p>\n<svg> <circle r=\"calc(50% - 1px)\" cx=\"50%\" cy=\"50%\" stroke-width=\"2\"\/> <circle r=\"calc(50% - 1px)\" cx=\"50%\" cy=\"50%\" stroke=\"#fa0303\" stroke-width=\"2\" data-progress=\"100\" stroke-dasharray=\"0,10000\"\/> <\/svg> <i style=\"color: #2b2b2b\"><svg><use href=\"#tf-fab-line-chart\"><\/use><\/svg><\/i> <h3> OPTIMISATION SEO <\/h3> <p>Les sites sont optimis\u00e9s afin d\u2019obtenir un bon r\u00e9f\u00e9rencement naturel. Cela permet d\u2019avoir une meilleure visibilit\u00e9 sur Google<\/p>\n<h4 style=\"text-align: center;\">Nos derni\u00e8res r\u00e9alisations<\/h4>\n<h3><\/h3><iframe frameborder=\"0\" scrolling=\"no\" marginheight=\"0\" marginwidth=\"0\" src=\"https:\/\/maps.google.com\/maps?q=Toronto&amp;t=m&amp;z=14&amp;output=embed&amp;iwloc=near\"><\/iframe>\n<p>Vous avez des questions? Ou vous souhaitez nous exposer votre projet?<\/p><h3>Contactez-nous&#8230;<\/h3>\n<p>\u00a0<\/p><p>Adresse :<br \/>9, chemin de Pr\u00e9-Cosson<br \/>1256 Troinex<\/p><p>T\u00e9l. 022 342 46 00<br \/>Natel 078 720 00 95<\/p>\n\n<div class=\"wpcf7 no-js\" id=\"wpcf7-f5-o1\" lang=\"fr-FR\" dir=\"ltr\">\n<div class=\"screen-reader-response\"><p role=\"status\" aria-live=\"polite\" aria-atomic=\"true\"><\/p> <ul><\/ul><\/div>\n<form action=\"\/index.php?rest_route=%2Fwp%2Fv2%2Fpages%2F2255#wpcf7-f5-o1\" method=\"post\" class=\"wpcf7-form init\" aria-label=\"Formulaire de contact\" novalidate=\"novalidate\" data-status=\"init\">\n<div style=\"display: none;\">\n<input type=\"hidden\" name=\"_wpcf7\" value=\"5\" \/>\n<input type=\"hidden\" name=\"_wpcf7_version\" value=\"5.9.8\" \/>\n<input type=\"hidden\" name=\"_wpcf7_locale\" value=\"fr_FR\" \/>\n<input type=\"hidden\" name=\"_wpcf7_unit_tag\" value=\"wpcf7-f5-o1\" \/>\n<input type=\"hidden\" name=\"_wpcf7_container_post\" value=\"0\" \/>\n<input type=\"hidden\" name=\"_wpcf7_posted_data_hash\" value=\"\" \/>\n<\/div>\n<p>Votre nom (obligatoire)\n<\/p>\n<p><span class=\"wpcf7-form-control-wrap\" data-name=\"your-name\"><input size=\"40\" maxlength=\"400\" class=\"wpcf7-form-control wpcf7-text wpcf7-validates-as-required\" aria-required=\"true\" aria-invalid=\"false\" value=\"\" type=\"text\" name=\"your-name\" \/><\/span>\n<\/p>\n<p>Votre email (obligatoire)\n<\/p>\n<p><span class=\"wpcf7-form-control-wrap\" data-name=\"your-email\"><input size=\"40\" maxlength=\"400\" class=\"wpcf7-form-control wpcf7-email wpcf7-validates-as-required wpcf7-text wpcf7-validates-as-email\" aria-required=\"true\" aria-invalid=\"false\" value=\"\" type=\"email\" name=\"your-email\" \/><\/span>\n<\/p>\n<p>Sujet\n<\/p>\n<p><span class=\"wpcf7-form-control-wrap\" data-name=\"your-subject\"><input size=\"40\" maxlength=\"400\" class=\"wpcf7-form-control wpcf7-text\" aria-invalid=\"false\" value=\"\" type=\"text\" name=\"your-subject\" \/><\/span>\n<\/p>\n<p>Votre message\n<\/p>\n<p><span class=\"wpcf7-form-control-wrap\" data-name=\"your-message\"><textarea cols=\"40\" rows=\"10\" maxlength=\"2000\" class=\"wpcf7-form-control wpcf7-textarea\" aria-invalid=\"false\" name=\"your-message\"><\/textarea><\/span>\n<\/p>\n<p><span class=\"wpcf7-form-control-wrap\" data-name=\"quiz-386\"><label><span class=\"wpcf7-quiz-label\">I2 + 3 = ?<\/span> <input size=\"40\" class=\"wpcf7-form-control wpcf7-quiz\" autocomplete=\"off\" aria-required=\"true\" aria-invalid=\"false\" type=\"text\" name=\"quiz-386\" \/><\/label><input type=\"hidden\" name=\"_wpcf7_quiz_answer_quiz-386\" value=\"0da0b29598128b8bd9fe03e178dd8ef3\" \/><\/span>\n<\/p>\n<p><input class=\"wpcf7-form-control wpcf7-submit has-spinner\" type=\"submit\" value=\"Envoyer\" \/>\n<\/p><div class=\"wpcf7-response-output\" aria-hidden=\"true\"><\/div>\n<\/form>\n<\/div>\n<!--\/themify_builder_static--><\/p>\n\n<!-- wp:themify-builder\/canvas \/-->","protected":false},"excerpt":{"rendered":"<p>\u00a0 Cr\u00e9ation de site internetSuisse romande PremiumAPPS est une soci\u00e9t\u00e9 dynamique bas\u00e9e en Suisse romande et sp\u00e9cialis\u00e9e dans les m\u00e9dias num\u00e9riques tel que la cr\u00e9ation de site internet, le r\u00e9f\u00e9rencement, le marketing digital. Besoin d&rsquo;un site internet sur mesure, une boutique en ligne, un syst\u00e8me de r\u00e9servation en ligne pour votre commerce ou de l&rsquo;aide [&hellip;]<\/p>\n","protected":false},"author":1,"featured_media":0,"parent":0,"menu_order":0,"comment_status":"closed","ping_status":"closed","template":"","meta":{"footnotes":""},"aioseo_notices":[],"builder_content":"<h1>Cr\u00e9ation de site internet<br\/>Suisse romande<\/h1>\n<p><a href=\"https:\/\/premiumapps.ch\/wp-content\/uploads\/2016\/04\/responsive-design-premiumapps_500.png\"><img src=\"https:\/\/premiumapps.ch\/wp-content\/uploads\/2016\/04\/responsive-design-premiumapps_500.png\" alt=\"Premiumapps site internet responsive\" width=\"500\" height=\"293\" \/><\/a>PremiumAPPS est une soci\u00e9t\u00e9 dynamique bas\u00e9e en Suisse romande et sp\u00e9cialis\u00e9e dans les m\u00e9dias num\u00e9riques tel que la cr\u00e9ation de site internet, le r\u00e9f\u00e9rencement, le marketing digital. Besoin d'un site internet sur mesure, une boutique en ligne, un syst\u00e8me de r\u00e9servation en ligne pour votre commerce ou de l'aide pour votre r\u00e9f\u00e9rencement? Nous vous proposerons la solution la mieux adapt\u00e9e \u00e0 vos besoins tout en respectant votre budget.<\/p><p style=\"text-align: left;\">PremiumAPPS propose \u00e9galement de s'occuper de l'identit\u00e9 num\u00e9rique compl\u00e8te de votre entreprise. Nous pouvons offrir un package complet pouvant int\u00e9grer le site internet, cr\u00e9ation et d\u00e9veloppement de r\u00e9seaux sociaux (page Facebook, Instagram, YouTube, etc.), cr\u00e9ation d'un logo, des images avec droit d'utilisation commerciale, l'optimisation au r\u00e9f\u00e9rencement afin d'\u00eatre visible sur les moteurs de recherche, conseil sur le choix du nom de domaine.<\/p>\n<h2 style=\"text-align: center;\">Prestations<\/h2>\n<svg> <circle r=\"calc(50% - 1px)\" cx=\"50%\" cy=\"50%\" stroke-width=\"2\"\/> <circle r=\"calc(50% - 1px)\" cx=\"50%\" cy=\"50%\" stroke=\"#262626\" stroke-width=\"2\" data-progress=\"100\" stroke-dasharray=\"0,10000\"\/> <\/svg> <i style=\"color: #262626\"><svg><use href=\"#tf-fas-desktop\"><\/use><\/svg><\/i> <h4>Site Internet<\/h4><p>Un site internet moderne, attractif qui refl\u00e8te l\u2019image de votre entreprise.<\/p>\n<svg> <circle r=\"calc(50% - 1px)\" cx=\"50%\" cy=\"50%\" stroke-width=\"2\"\/> <circle r=\"calc(50% - 1px)\" cx=\"50%\" cy=\"50%\" stroke=\"#262626\" stroke-width=\"2\" data-progress=\"100\" stroke-dasharray=\"0,10000\"\/> <\/svg> <i style=\"color: #262626\"><svg><use href=\"#tf-fas-shopping-cart\"><\/use><\/svg><\/i> <h4>eCommerce<\/h4><p>R\u00e9alisation de site eCommerce s\u00e9curis\u00e9 avec paiement en ligne.<\/p>\n<svg> <circle r=\"calc(50% - 1px)\" cx=\"50%\" cy=\"50%\" stroke-width=\"2\"\/> <circle r=\"calc(50% - 1px)\" cx=\"50%\" cy=\"50%\" stroke=\"#262626\" stroke-width=\"2\" data-progress=\"100\" stroke-dasharray=\"0,10000\"\/> <\/svg> <i style=\"color: #262626\"><svg><use href=\"#tf-far-calendar\"><\/use><\/svg><\/i> <h4>R\u00e9servation en ligne<\/h4><p>Module de r\u00e9servation en ligne extr\u00eamement performant pour tout type de business (salon de coiffure, institut de beaut\u00e9, spa, salle de sport, m\u00e9decin, restaurant, etc).<\/p>\n<svg> <circle r=\"calc(50% - 1px)\" cx=\"50%\" cy=\"50%\" stroke-width=\"2\"\/> <circle r=\"calc(50% - 1px)\" cx=\"50%\" cy=\"50%\" stroke=\"#262626\" stroke-width=\"2\" data-progress=\"80\" stroke-dasharray=\"0,10000\"\/> <\/svg> <i style=\"color: #262626\"><svg><use href=\"#tf-fas-print\"><\/use><\/svg><\/i> <h4>Impression<\/h4><p>Impression haut de gamme: carte de visite, d\u00e9pliant, flyer, etc.<\/p>\n<h2>Cr\u00e9ation de Site Internet<\/h2><article id=\"post-2256\"><section><section>Un site internet moderne, attractif qui refl\u00e8te l\u2019image de votre entreprise. Que vous ayez besoin d\u2019un site vitrine mettant en avant votre commerce, marque, soci\u00e9t\u00e9 ou association ou une boutique en ligne avec paiement s\u00e9curis\u00e9, nous vous proposerons un design moderne et novateur s\u2019adaptant aux tablettes et smartphones.<p>Nous disposons d\u2019une structure flexible et dynamique qui sera \u00e0 votre \u00e9coute afin de r\u00e9aliser un projet \u00e0 votre image et selon vos besoins.<\/p><p>Comme avoir un joli site ne suffit pas \u00e0 figurer en bonne position dans Google, nos sites internet sont optimis\u00e9s de mani\u00e8re \u00e0 favoriser un bon r\u00e9f\u00e9rencement naturel.<\/p><h3>Votre site internet d\u00e8s CHF 990.-<\/h3><\/section><\/section><\/article>\n<svg> <circle r=\"calc(50% - 1px)\" cx=\"50%\" cy=\"50%\" stroke-width=\"2\"\/> <circle r=\"calc(50% - 1px)\" cx=\"50%\" cy=\"50%\" stroke=\"#084aff\" stroke-width=\"2\" data-progress=\"100\" stroke-dasharray=\"0,10000\"\/> <\/svg> <i style=\"color: #2b2b2b\"><svg><use href=\"#tf-fas-mobile\"><\/use><\/svg><\/i> <h3> RESPONSIVE DESIGN <\/h3> <p>Optimisation de l\u2019affichage pour tablette et smartphone<\/p>\n<svg> <circle r=\"calc(50% - 1px)\" cx=\"50%\" cy=\"50%\" stroke-width=\"2\"\/> <circle r=\"calc(50% - 1px)\" cx=\"50%\" cy=\"50%\" stroke=\"#00d61d\" stroke-width=\"2\" data-progress=\"100\" stroke-dasharray=\"0,10000\"\/> <\/svg> <i style=\"color: #2b2b2b\"><svg><use href=\"#tf-fas-shopping-cart\"><\/use><\/svg><\/i> <h3> BOUTIQUE EN LIGNE <\/h3> <p>Cr\u00e9ation de boutique en ligne avec int\u00e9gration des moyens de paiement s\u00e9curis\u00e9 et statistique de vente.<\/p>\n<svg> <circle r=\"calc(50% - 1px)\" cx=\"50%\" cy=\"50%\" stroke-width=\"2\"\/> <circle r=\"calc(50% - 1px)\" cx=\"50%\" cy=\"50%\" stroke=\"#fa0303\" stroke-width=\"2\" data-progress=\"100\" stroke-dasharray=\"0,10000\"\/> <\/svg> <i style=\"color: #2b2b2b\"><svg><use href=\"#tf-fab-line-chart\"><\/use><\/svg><\/i> <h3> OPTIMISATION SEO <\/h3> <p>Les sites sont optimis\u00e9s afin d\u2019obtenir un bon r\u00e9f\u00e9rencement naturel. Cela permet d\u2019avoir une meilleure visibilit\u00e9 sur Google<\/p>\n<h4 style=\"text-align: center;\">Nos derni\u00e8res r\u00e9alisations<\/h4>\n<h3><\/h3><iframe frameborder=\"0\" scrolling=\"no\" marginheight=\"0\" marginwidth=\"0\" src=\"https:\/\/maps.google.com\/maps?q=Toronto&amp;t=m&amp;z=14&amp;output=embed&amp;iwloc=near\"><\/iframe>\n<p>Vous avez des questions? Ou vous souhaitez nous exposer votre projet?<\/p><h3>Contactez-nous...<\/h3>\n<p>\u00a0<\/p><p>Adresse :<br \/>9, chemin de Pr\u00e9-Cosson<br \/>1256 Troinex<\/p><p>T\u00e9l. 022 342 46 00<br \/>Natel 078 720 00 95<\/p>\n<p>[contact-form-7 id=\"5\" title=\"Formulaire de contact 1\"]<\/p>","_links":{"self":[{"href":"https:\/\/premiumapps.ch\/index.php?rest_route=\/wp\/v2\/pages\/2255"}],"collection":[{"href":"https:\/\/premiumapps.ch\/index.php?rest_route=\/wp\/v2\/pages"}],"about":[{"href":"https:\/\/premiumapps.ch\/index.php?rest_route=\/wp\/v2\/types\/page"}],"author":[{"embeddable":true,"href":"https:\/\/premiumapps.ch\/index.php?rest_route=\/wp\/v2\/users\/1"}],"replies":[{"embeddable":true,"href":"https:\/\/premiumapps.ch\/index.php?rest_route=%2Fwp%2Fv2%2Fcomments&post=2255"}],"version-history":[{"count":0,"href":"https:\/\/premiumapps.ch\/index.php?rest_route=\/wp\/v2\/pages\/2255\/revisions"}],"wp:attachment":[{"href":"https:\/\/premiumapps.ch\/index.php?rest_route=%2Fwp%2Fv2%2Fmedia&parent=2255"}],"curies":[{"name":"wp","href":"https:\/\/api.w.org\/{rel}","templated":true}]}}